{"id":1235,"date":"2026-04-02T00:12:24","date_gmt":"2026-04-02T00:12:24","guid":{"rendered":"https:\/\/www.hotel-auerhahn.de\/?page_id=1235"},"modified":"2026-04-02T07:45:33","modified_gmt":"2026-04-02T07:45:33","slug":"gruppen","status":"publish","type":"page","link":"https:\/\/www.hotel-auerhahn.de\/en\/gruppen\/","title":{"rendered":"Gruppen"},"content":{"rendered":"<div data-elementor-type=\"wp-page\" data-elementor-id=\"1235\" class=\"elementor elementor-1235\">\n\t\t\t\t<div class=\"elementor-element elementor-element-64bfa87 e-flex e-con-boxed e-con e-parent\" data-id=\"64bfa87\" data-element_type=\"container\" data-settings=\"{&quot;background_background&quot;:&quot;classic&quot;}\">\n\t\t\t\t\t<div class=\"e-con-inner\">\n\t\t<div class=\"elementor-element elementor-element-4df4999 e-con-full e-flex e-con e-child\" data-id=\"4df4999\" data-element_type=\"container\" data-settings=\"{&quot;background_background&quot;:&quot;classic&quot;}\">\n\t\t\t\t<div class=\"elementor-element elementor-element-749cb1e elementor-widget elementor-widget-heading\" data-id=\"749cb1e\" data-element_type=\"widget\" data-widget_type=\"heading.default\">\n\t\t\t\t<div class=\"elementor-widget-container\">\n\t\t\t\t\t<h2 class=\"elementor-heading-title elementor-size-default\">Gruppenunterkunft im Schwarzwald \u2013 ideal f\u00fcr Retreats, Teams &amp; Gruppen<\/h2>\t\t\t\t<\/div>\n\t\t\t\t<\/div>\n\t\t\t\t<\/div>\n\t\t<div class=\"elementor-element elementor-element-2c167be e-con-full e-flex e-con e-child\" data-id=\"2c167be\" data-element_type=\"container\" data-settings=\"{&quot;background_background&quot;:&quot;classic&quot;}\">\n\t\t\t\t<div class=\"elementor-element elementor-element-fe29afd elementor-widget elementor-widget-text-editor\" data-id=\"fe29afd\" data-element_type=\"widget\" data-widget_type=\"text-editor.default\">\n\t\t\t\t<div class=\"elementor-widget-container\">\n\t\t\t\t\t\t\t\t\t<p>Ruhe &amp; Natur \u2013\u00a0 Auerhahn ist der perfekte Ort f\u00fcr Gruppen, die gemeinsam arbeiten, entspannen oder aktiv sein m\u00f6chten.<\/p>\t\t\t\t\t\t\t\t<\/div>\n\t\t\t\t<\/div>\n\t\t\t\t<\/div>\n\t\t\t\t\t<\/div>\n\t\t\t\t<\/div>\n\t\t<div class=\"elementor-element elementor-element-109807b e-grid e-con-boxed e-con e-parent\" data-id=\"109807b\" data-element_type=\"container\">\n\t\t\t\t\t<div class=\"e-con-inner\">\n\t\t<div class=\"elementor-element elementor-element-942146c e-con-full e-flex e-con e-child\" data-id=\"942146c\" data-element_type=\"container\">\n\t\t<div class=\"elementor-element elementor-element-3f8d1c6 e-con-full e-flex e-con e-child\" data-id=\"3f8d1c6\" data-element_type=\"container\" data-settings=\"{&quot;background_background&quot;:&quot;classic&quot;}\">\n\t\t\t\t<\/div>\n\t\t<div class=\"elementor-element elementor-element-b84be53 e-con-full e-flex e-con e-child\" data-id=\"b84be53\" data-element_type=\"container\">\n\t\t\t\t<div class=\"elementor-element elementor-element-48641dc elementor-widget elementor-widget-heading\" data-id=\"48641dc\" data-element_type=\"widget\" data-widget_type=\"heading.default\">\n\t\t\t\t<div class=\"elementor-widget-container\">\n\t\t\t\t\t<h3 class=\"elementor-heading-title elementor-size-default\">F\u00fcr wen ist unser Haus ideal?<\/h3>\t\t\t\t<\/div>\n\t\t\t\t<\/div>\n\t\t\t\t<div class=\"elementor-element elementor-element-bd441bd elementor-widget elementor-widget-text-editor\" data-id=\"bd441bd\" data-element_type=\"widget\" data-widget_type=\"text-editor.default\">\n\t\t\t\t<div class=\"elementor-widget-container\">\n\t\t\t\t\t\t\t\t\t<p data-start=\"586\" data-end=\"624\">Unser Unterkunft eignet sich besonders f\u00fcr:<\/p><ul data-start=\"626\" data-end=\"796\"><li data-section-id=\"1jkhv74\" data-start=\"626\" data-end=\"680\">Teams &amp; Firmen (Offsites, Workshops, Teambuilding)<\/li><li data-section-id=\"4y3gkf\" data-start=\"681\" data-end=\"723\">Retreats (Yoga, Coaching, Achtsamkeit inkl. Yogaraum mit Panorama Blick)<\/li><li data-section-id=\"19fm2m7\" data-start=\"724\" data-end=\"759\">Wandergruppen &amp; Freizeitgruppen<\/li><li data-section-id=\"19fm2m7\" data-start=\"724\" data-end=\"759\">Schulklassen &amp; Bildungsgruppen<\/li><li data-section-id=\"gst85d\" data-start=\"760\" data-end=\"796\">Vereine- &amp; Familienfeiern\u00a0<\/li><\/ul>\t\t\t\t\t\t\t\t<\/div>\n\t\t\t\t<\/div>\n\t\t\t\t<\/div>\n\t\t\t\t<\/div>\n\t\t<div class=\"elementor-element elementor-element-ac469e6 e-con-full e-flex e-con e-child\" data-id=\"ac469e6\" data-element_type=\"container\">\n\t\t<div class=\"elementor-element elementor-element-b8da775 e-con-full e-flex e-con e-child\" data-id=\"b8da775\" data-element_type=\"container\" data-settings=\"{&quot;background_background&quot;:&quot;classic&quot;}\">\n\t\t\t\t<\/div>\n\t\t<div class=\"elementor-element elementor-element-478398a e-con-full e-flex e-con e-child\" data-id=\"478398a\" data-element_type=\"container\">\n\t\t\t\t<div class=\"elementor-element elementor-element-ab5466a elementor-widget elementor-widget-heading\" data-id=\"ab5466a\" data-element_type=\"widget\" data-widget_type=\"heading.default\">\n\t\t\t\t<div class=\"elementor-widget-container\">\n\t\t\t\t\t<h3 class=\"elementor-heading-title elementor-size-default\">Warum Gruppen sich bei uns wohlf\u00fchlen<\/h3>\t\t\t\t<\/div>\n\t\t\t\t<\/div>\n\t\t\t\t<div class=\"elementor-element elementor-element-d1972d6 elementor-widget elementor-widget-text-editor\" data-id=\"d1972d6\" data-element_type=\"widget\" data-widget_type=\"text-editor.default\">\n\t\t\t\t<div class=\"elementor-widget-container\">\n\t\t\t\t\t\t\t\t\t<ul><li data-section-id=\"1lf4psa\" data-start=\"356\" data-end=\"430\">Ruhige Lage mitten in der Natur \u2013 ideal zum Abschalten\u00a0<\/li><li data-section-id=\"1rdqoan\" data-start=\"488\" data-end=\"543\">Haus Gr\u00f6\u00dfe \u2013 perfekt f\u00fcr Gruppen<\/li><li data-section-id=\"1w1xcy2\" data-start=\"544\" data-end=\"588\">Kostenfreie Bus- und Auto Parkpl\u00e4tze direkt am Haus<\/li><li data-section-id=\"1amr5hq\" data-start=\"589\" data-end=\"633\">Flexible Nutzung von Aufenthaltsbereichen<\/li><li>Natur &amp; Wanderwege direkt vor der T\u00fcr<\/li><li data-section-id=\"2uapsw\" data-start=\"634\" data-end=\"681\">Ausflugsziele in der Umgebung (Titisee, Feldberg, Badeparadies, Triberg, Freiburg, Bodensee, uvm.)<\/li><\/ul>\t\t\t\t\t\t\t\t<\/div>\n\t\t\t\t<\/div>\n\t\t\t\t<\/div>\n\t\t\t\t<\/div>\n\t\t<div class=\"elementor-element elementor-element-379d039 e-con-full e-flex e-con e-child\" data-id=\"379d039\" data-element_type=\"container\">\n\t\t<div class=\"elementor-element elementor-element-dbd23cd e-con-full e-flex e-con e-child\" data-id=\"dbd23cd\" data-element_type=\"container\" data-settings=\"{&quot;background_background&quot;:&quot;classic&quot;}\">\n\t\t\t\t<\/div>\n\t\t<div class=\"elementor-element elementor-element-922073a e-con-full e-flex e-con e-child\" data-id=\"922073a\" data-element_type=\"container\">\n\t\t\t\t<div class=\"elementor-element elementor-element-4d2ed1f elementor-widget elementor-widget-heading\" data-id=\"4d2ed1f\" data-element_type=\"widget\" data-widget_type=\"heading.default\">\n\t\t\t\t<div class=\"elementor-widget-container\">\n\t\t\t\t\t<h3 class=\"elementor-heading-title elementor-size-default\">Firmen &amp; Retreats<\/h3>\t\t\t\t<\/div>\n\t\t\t\t<\/div>\n\t\t\t\t<div class=\"elementor-element elementor-element-83ea8c9 elementor-widget elementor-widget-text-editor\" data-id=\"83ea8c9\" data-element_type=\"widget\" data-widget_type=\"text-editor.default\">\n\t\t\t\t<div class=\"elementor-widget-container\">\n\t\t\t\t\t\t\t\t\t<p data-start=\"1630\" data-end=\"1667\">Unser Haus eignet sich besonders f\u00fcr Workshops, Retreats &amp; Seminare:<\/p><ul data-start=\"1778\" data-end=\"1891\"><li data-section-id=\"th4pu5\" data-start=\"547\" data-end=\"621\">Abgeschiedene Lage in der Natur \u2013 Raum f\u00fcr Fokus und neue Ideen<\/li><li data-section-id=\"1yibfy\" data-start=\"674\" data-end=\"751\"><p data-pm-slice=\"0 0 []\">Flexible Organisation f\u00fcr Gruppen<\/p><\/li><li data-section-id=\"1yibfy\" data-start=\"674\" data-end=\"751\"><p data-pm-slice=\"0 0 []\">\u00a0Ruhige, entspannte Atmosph\u00e4re \u2013 ideal zum Abschalten und Auftanken<\/p><\/li><li data-section-id=\"1yibfy\" data-start=\"674\" data-end=\"751\"><p data-pm-slice=\"0 0 []\">Inspirierendes Umfeld fernab vom Alltag<\/p><\/li><li data-section-id=\"1o1po4k\" data-start=\"803\" data-end=\"887\">Flexible Nutzung der R\u00e4umlichkeiten f\u00fcr Austausch und gemeinsames Arbeiten<\/li><\/ul>\t\t\t\t\t\t\t\t<\/div>\n\t\t\t\t<\/div>\n\t\t\t\t<\/div>\n\t\t\t\t<\/div>\n\t\t<div class=\"elementor-element elementor-element-a25f535 e-con-full e-flex e-con e-child\" data-id=\"a25f535\" data-element_type=\"container\">\n\t\t<div class=\"elementor-element elementor-element-03bf0e3 e-con-full e-flex e-con e-child\" data-id=\"03bf0e3\" data-element_type=\"container\" data-settings=\"{&quot;background_background&quot;:&quot;classic&quot;}\">\n\t\t\t\t<\/div>\n\t\t<div class=\"elementor-element elementor-element-bc5878c e-con-full e-flex e-con e-child\" data-id=\"bc5878c\" data-element_type=\"container\">\n\t\t\t\t<div class=\"elementor-element elementor-element-55f7b4d elementor-widget elementor-widget-heading\" data-id=\"55f7b4d\" data-element_type=\"widget\" data-widget_type=\"heading.default\">\n\t\t\t\t<div class=\"elementor-widget-container\">\n\t\t\t\t\t<h3 class=\"elementor-heading-title elementor-size-default\">Klassenfahrten im Schwarzwald<\/h3>\t\t\t\t<\/div>\n\t\t\t\t<\/div>\n\t\t\t\t<div class=\"elementor-element elementor-element-3e4589f elementor-widget elementor-widget-text-editor\" data-id=\"3e4589f\" data-element_type=\"widget\" data-widget_type=\"text-editor.default\">\n\t\t\t\t<div class=\"elementor-widget-container\">\n\t\t\t\t\t\t\t\t\t<p data-start=\"815\" data-end=\"897\">Unser Haus bietet ideale Bedingungen f\u00fcr Schulklassen und Jugendgruppen:<\/p><ul data-start=\"899\" data-end=\"1075\"><li data-section-id=\"rb7d90\" data-start=\"899\" data-end=\"930\">Ruhige und sichere Umgebung<\/li><li data-section-id=\"1kf57o3\" data-start=\"931\" data-end=\"959\">Idealer Ausgangspunkt f\u00fcr Ausfl\u00fcge und Aktivit\u00e4ten im Schwarzwald<\/li><li data-section-id=\"1j3izik\" data-start=\"960\" data-end=\"993\">Mehrbettzimmer m\u00f6glich<\/li><li data-section-id=\"1wagbi0\" data-start=\"994\" data-end=\"1041\">Flexible Organisation\u00a0<\/li><\/ul><p data-start=\"1077\" data-end=\"1090\">Geeignet f\u00fcr:\u00a0 Klassenfahrten, Projektwochen, Natur- und Umweltbildung<\/p>\t\t\t\t\t\t\t\t<\/div>\n\t\t\t\t<\/div>\n\t\t\t\t<\/div>\n\t\t\t\t<\/div>\n\t\t<div class=\"elementor-element elementor-element-67ce1bf e-con-full e-flex e-con e-child\" data-id=\"67ce1bf\" data-element_type=\"container\">\n\t\t<div class=\"elementor-element elementor-element-a08b217 e-con-full e-flex e-con e-child\" data-id=\"a08b217\" data-element_type=\"container\" data-settings=\"{&quot;background_background&quot;:&quot;classic&quot;}\">\n\t\t\t\t<\/div>\n\t\t<div class=\"elementor-element elementor-element-3d5280c e-con-full e-flex e-con e-child\" data-id=\"3d5280c\" data-element_type=\"container\">\n\t\t\t\t<div class=\"elementor-element elementor-element-66a7081 elementor-widget elementor-widget-heading\" data-id=\"66a7081\" data-element_type=\"widget\" data-widget_type=\"heading.default\">\n\t\t\t\t<div class=\"elementor-widget-container\">\n\t\t\t\t\t<h3 class=\"elementor-heading-title elementor-size-default\">Unser Angebot f\u00fcr Gruppen<\/h3>\t\t\t\t<\/div>\n\t\t\t\t<\/div>\n\t\t\t\t<div class=\"elementor-element elementor-element-89629f5 elementor-widget elementor-widget-text-editor\" data-id=\"89629f5\" data-element_type=\"widget\" data-widget_type=\"text-editor.default\">\n\t\t\t\t<div class=\"elementor-widget-container\">\n\t\t\t\t\t\t\t\t\t<p data-start=\"1173\" data-end=\"1205\" data-section-id=\"4iobe8\">Wir bieten flexible L\u00f6sungen \u2013 individuell auf Ihre Gruppe abgestimmt:<\/p><h5 data-section-id=\"yk8hqc\" data-start=\"1279\" data-end=\"1321\">Beispiel: 3-7 N\u00e4chte Gruppenaufenthalt\u00a0 f\u00fcr 40G\u00e4ste<\/h5><ul data-start=\"1323\" data-end=\"1517\"><li data-section-id=\"dm66ea\" data-start=\"1323\" data-end=\"1363\">\u00dcbernachtung in komfortablen Zimmern (1\/2\/3\/4 Bettzimmer)<\/li><li data-section-id=\"7b8mzr\" data-start=\"1364\" data-end=\"1387\">Fr\u00fchst\u00fcck inklusive<\/li><li data-section-id=\"1jm3x20\" data-start=\"1388\" data-end=\"1426\">Optional: Halbpension \/ Vollpension<\/li><li data-section-id=\"1u6yks2\" data-start=\"1474\" data-end=\"1517\">Nutzung der Gemeinschaftsbereiche nach W\u00fcnsch.<\/li><li data-section-id=\"1u6yks2\" data-start=\"1474\" data-end=\"1517\">Hotel Exklusivbelegung m\u00f6glich.<\/li><li>Flexible An- und Abreise nach Absprache<\/li><\/ul>\t\t\t\t\t\t\t\t<\/div>\n\t\t\t\t<\/div>\n\t\t\t\t<\/div>\n\t\t\t\t<\/div>\n\t\t<div class=\"elementor-element elementor-element-45fc330 e-con-full e-flex e-con e-child\" data-id=\"45fc330\" data-element_type=\"container\">\n\t\t<div class=\"elementor-element elementor-element-aa85bce e-con-full e-flex e-con e-child\" data-id=\"aa85bce\" data-element_type=\"container\" data-settings=\"{&quot;background_background&quot;:&quot;classic&quot;}\">\n\t\t\t\t<\/div>\n\t\t<div class=\"elementor-element elementor-element-e807a00 e-con-full e-flex e-con e-child\" data-id=\"e807a00\" data-element_type=\"container\">\n\t\t\t\t<div class=\"elementor-element elementor-element-d2bd669 elementor-widget elementor-widget-heading\" data-id=\"d2bd669\" data-element_type=\"widget\" data-widget_type=\"heading.default\">\n\t\t\t\t<div class=\"elementor-widget-container\">\n\t\t\t\t\t<h3 class=\"elementor-heading-title elementor-size-default\">Anfrage &amp; Kontakt\n<\/h3>\t\t\t\t<\/div>\n\t\t\t\t<\/div>\n\t\t\t\t<div class=\"elementor-element elementor-element-ee88c89 elementor-widget elementor-widget-text-editor\" data-id=\"ee88c89\" data-element_type=\"widget\" data-widget_type=\"text-editor.default\">\n\t\t\t\t<div class=\"elementor-widget-container\">\n\t\t\t\t\t\t\t\t\t<p data-start=\"2087\" data-end=\"2122\">Sie planen einen Gruppenaufenthalt?\u00a0 \u00a0<\/p><p data-start=\"2087\" data-end=\"2122\">Wir unterst\u00fctzen Sie gerne und erstellen gerne ein individuelles Angebot!<\/p><p data-start=\"2181\" data-end=\"2237\"><strong data-start=\"2181\" data-end=\"2192\">E-Mail:<\/strong> info@hotel-auerhahn.de<\/p><p data-start=\"2181\" data-end=\"2237\"><strong data-start=\"2209\" data-end=\"2221\">Mobile\/Whatsapp:<\/strong> Whatsapp: +49 1577 2159493\u00a0<\/p><p data-start=\"2239\" data-end=\"2277\">Oder nutzen Sie unser Anfrageformular.<\/p>\t\t\t\t\t\t\t\t<\/div>\n\t\t\t\t<\/div>\n\t\t\t\t<\/div>\n\t\t\t\t<\/div>\n\t\t\t\t\t<\/div>\n\t\t\t\t<\/div>\n\t\t\t\t<\/div>","protected":false},"excerpt":{"rendered":"<p>Gruppenunterkunft im Schwarzwald \u2013 ideal f\u00fcr Retreats, Teams &amp; Gruppen Ruhe &amp; Natur \u2013\u00a0 Auerhahn ist der perfekte Ort f\u00fcr Gruppen, die gemeinsam arbeiten, entspannen oder aktiv sein m\u00f6chten. F\u00fcr wen ist unser Haus ideal? Unser Unterkunft eignet sich besonders f\u00fcr: Teams &amp; Firmen (Offsites, Workshops, Teambuilding) Retreats (Yoga, Coaching, Achtsamkeit inkl. Yogaraum mit Panorama [&hellip;]<\/p>","protected":false},"author":2,"featured_media":0,"parent":0,"menu_order":0,"comment_status":"closed","ping_status":"closed","template":"elementor_header_footer","meta":{"footnotes":""},"class_list":["post-1235","page","type-page","status-publish","hentry"],"blocksy_meta":[],"_links":{"self":[{"href":"https:\/\/www.hotel-auerhahn.de\/en\/wp-json\/wp\/v2\/pages\/1235","targetHints":{"allow":["GET"]}}],"collection":[{"href":"https:\/\/www.hotel-auerhahn.de\/en\/wp-json\/wp\/v2\/pages"}],"about":[{"href":"https:\/\/www.hotel-auerhahn.de\/en\/wp-json\/wp\/v2\/types\/page"}],"author":[{"embeddable":true,"href":"https:\/\/www.hotel-auerhahn.de\/en\/wp-json\/wp\/v2\/users\/2"}],"replies":[{"embeddable":true,"href":"https:\/\/www.hotel-auerhahn.de\/en\/wp-json\/wp\/v2\/comments?post=1235"}],"version-history":[{"count":31,"href":"https:\/\/www.hotel-auerhahn.de\/en\/wp-json\/wp\/v2\/pages\/1235\/revisions"}],"predecessor-version":[{"id":1272,"href":"https:\/\/www.hotel-auerhahn.de\/en\/wp-json\/wp\/v2\/pages\/1235\/revisions\/1272"}],"wp:attachment":[{"href":"https:\/\/www.hotel-auerhahn.de\/en\/wp-json\/wp\/v2\/media?parent=1235"}],"curies":[{"name":"wp","href":"https:\/\/api.w.org\/{rel}","templated":true}]}}